{"id":1224,"date":"2020-08-24T10:52:51","date_gmt":"2020-08-24T10:52:51","guid":{"rendered":"https:\/\/jskteam.com\/index.php\/home\/"},"modified":"2021-04-02T17:38:39","modified_gmt":"2021-04-02T17:38:39","slug":"home","status":"publish","type":"page","link":"https:\/\/jskteam.com\/","title":{"rendered":"Strona g\u0142\u00f3wna"},"content":{"rendered":"\n<div class=\"wp-block-cover alignfull has-black-background-color has-background-dim\" style=\"min-height:801px;aspect-ratio:unset;\"><img loading=\"lazy\" decoding=\"async\" width=\"2560\" height=\"1920\" class=\"wp-block-cover__image-background wp-image-1990\" alt=\"\" src=\"https:\/\/jskteam.com\/wp-content\/uploads\/2021\/04\/P1000375-scaled.jpg\" style=\"object-position:3% 53%\" data-object-fit=\"cover\" data-object-position=\"3% 53%\" srcset=\"https:\/\/jskteam.com\/wp-content\/uploads\/2021\/04\/P1000375-scaled.jpg 2560w, https:\/\/jskteam.com\/wp-content\/uploads\/2021\/04\/P1000375-300x225.jpg 300w, https:\/\/jskteam.com\/wp-content\/uploads\/2021\/04\/P1000375-1024x768.jpg 1024w, https:\/\/jskteam.com\/wp-content\/uploads\/2021\/04\/P1000375-768x576.jpg 768w, https:\/\/jskteam.com\/wp-content\/uploads\/2021\/04\/P1000375-1536x1152.jpg 1536w, https:\/\/jskteam.com\/wp-content\/uploads\/2021\/04\/P1000375-2048x1536.jpg 2048w\" sizes=\"auto, (max-width: 2560px) 100vw, 2560px\" \/><div class=\"wp-block-cover__inner-container is-layout-flow wp-block-cover-is-layout-flow\">\n<div class=\"wp-block-group alignfull\"><div class=\"wp-block-group__inner-container is-layout-flow wp-block-group-is-layout-flow\">\n<div class=\"wp-block-media-text alignfull has-media-on-the-right is-vertically-aligned-center is-stacked-on-mobile\" style=\"grid-template-columns:auto 48%\"><figure class=\"wp-block-media-text__media\"><img loading=\"lazy\" decoding=\"async\" width=\"1024\" height=\"683\" src=\"https:\/\/jskteam.com\/wp-content\/uploads\/2021\/03\/Kaisai_2-1024x683.png\" alt=\"\" class=\"wp-image-1795 size-full\" srcset=\"https:\/\/jskteam.com\/wp-content\/uploads\/2021\/03\/Kaisai_2-1024x683.png 1024w, https:\/\/jskteam.com\/wp-content\/uploads\/2021\/03\/Kaisai_2-300x200.png 300w, https:\/\/jskteam.com\/wp-content\/uploads\/2021\/03\/Kaisai_2-768x512.png 768w, https:\/\/jskteam.com\/wp-content\/uploads\/2021\/03\/Kaisai_2-1536x1024.png 1536w, https:\/\/jskteam.com\/wp-content\/uploads\/2021\/03\/Kaisai_2-2048x1365.png 2048w\" sizes=\"auto, (max-width: 1024px) 100vw, 1024px\" \/><\/figure><div class=\"wp-block-media-text__content\">\n<h6 class=\"has-white-color has-text-color wp-block-heading\">na rynku od 2000 roku.<\/h6>\n\n\n\n<h2 class=\"has-white-color has-text-color wp-block-heading\">Wykonali\u015bmy setki<br>projekt\u00f3w<\/h2>\n\n\n\n<p><span class=\"has-inline-color has-white-color\">Jeste\u015bmy dystrybutorem i autoryzowanym serwisem<\/span>    <img decoding=\"async\" class=\"wp-image-1742\" style=\"width: 170px;\" src=\"https:\/\/jskteam.com\/wp-content\/uploads\/2021\/03\/logo-5.svg\" alt=\"\"> <\/p>\n\n\n\n<p><span class=\"has-inline-color has-white-color\">Jak r\u00f3wnie\u017c dystrybutorem i autoryzowany wykonawc\u0105 <strong>Termofol<\/strong><\/span><\/p>\n\n\n\n<div class=\"wp-block-buttons is-layout-flex wp-block-buttons-is-layout-flex\">\n<div class=\"wp-block-button is-style-fill\"><a class=\"wp-block-button__link has-white-color has-text-color\" href=\"https:\/\/jskteam.com\/index.php\/contact\/\" style=\"border-radius:5px\">Zapytaj o szczeg\u00f3\u0142y<\/a><\/div>\n<\/div>\n<\/div><\/div>\n\n\n\n<p><\/p>\n<\/div><\/div>\n\n\n\n<p class=\"has-text-align-right has-white-color has-text-color\">Boles\u0142awa Prusa 13, 22-400 Zamo\u015b\u0107<\/p>\n<\/div><\/div>\n\n\n\n<div class=\"wp-block-group alignwide\"><div class=\"wp-block-group__inner-container is-layout-flow wp-block-group-is-layout-flow\">\n<div class=\"wp-block-image\"><figure class=\"aligncenter size-large is-resized\"><img loading=\"lazy\" decoding=\"async\" src=\"https:\/\/jskteam.com\/wp-content\/uploads\/2021\/03\/logo-czesc-1024x148.png\" alt=\"\" class=\"wp-image-1770\" width=\"744\" height=\"108\" srcset=\"https:\/\/jskteam.com\/wp-content\/uploads\/2021\/03\/logo-czesc-1024x148.png 1024w, https:\/\/jskteam.com\/wp-content\/uploads\/2021\/03\/logo-czesc-300x43.png 300w, https:\/\/jskteam.com\/wp-content\/uploads\/2021\/03\/logo-czesc-768x111.png 768w, https:\/\/jskteam.com\/wp-content\/uploads\/2021\/03\/logo-czesc.png 1074w\" sizes=\"auto, (max-width: 744px) 100vw, 744px\" \/><\/figure><\/div>\n\n\n\n<p><\/p>\n\n\n\n<div class=\"wp-block-media-text alignwide is-stacked-on-mobile\" style=\"grid-template-columns:41% auto\"><figure class=\"wp-block-media-text__media\"><img loading=\"lazy\" decoding=\"async\" width=\"683\" height=\"1024\" src=\"https:\/\/jskteam.com\/wp-content\/uploads\/2021\/04\/Prusa-13-683x1024.jpg\" alt=\"\" class=\"wp-image-1971 size-full\" srcset=\"https:\/\/jskteam.com\/wp-content\/uploads\/2021\/04\/Prusa-13-683x1024.jpg 683w, https:\/\/jskteam.com\/wp-content\/uploads\/2021\/04\/Prusa-13-200x300.jpg 200w, https:\/\/jskteam.com\/wp-content\/uploads\/2021\/04\/Prusa-13-768x1152.jpg 768w, https:\/\/jskteam.com\/wp-content\/uploads\/2021\/04\/Prusa-13-1024x1536.jpg 1024w, https:\/\/jskteam.com\/wp-content\/uploads\/2021\/04\/Prusa-13-1366x2048.jpg 1366w, https:\/\/jskteam.com\/wp-content\/uploads\/2021\/04\/Prusa-13-scaled.jpg 1707w\" sizes=\"auto, (max-width: 683px) 100vw, 683px\" \/><\/figure><div class=\"wp-block-media-text__content\">\n<h6 class=\"wp-block-heading\">Jeste\u015bmy na rynku od 2000 roku.<\/h6>\n\n\n\n<h2 class=\"wp-block-heading\"><font style=\"vertical-align: inherit;\"><font style=\"vertical-align: inherit;\">Pracujemy w bran\u017cy budowlanej od 2000 roku.<\/font><\/font><\/h2>\n\n\n\n<p>Zbierali\u015bmy do\u015bwiadczenie pod okiem wykwalikowanej kadry. Wykonali\u015bmy setki<br>projekt\u00f3w pod okiem do\u015bwiadczonego kierownictwa r\u00f3\u017cnych bran\u017c.<\/p>\n\n\n\n<p>W roku 2013 podjeli\u015bmy decyzj\u0119 o usamodzielnieniu si\u0119 i to by\u0142 krok, kt\u00f3ry<br>kontynuujemy do dzi\u015b z roku na rok prze\u017cywszy swoje horyzonty.<br>Zaczynali\u015bmy od drobnych remont\u00f3w, elewacji dom\u00f3w jednorodzinnych,<br>nast\u0119pnie wyp\u0142yn\u0119li\u015bmy na szerok\u0105 wod\u0119 i wybudowali\u015bmy dla zleceniodawcy<br>Hal\u0119 magazynow\u0105 co otworzy\u0142o nam drog\u0119 do wielkich inwestycji. <\/p>\n\n\n\n<p><font style=\"vertical-align: inherit;\"><font style=\"vertical-align: inherit;\">W roku 2019 poszerzyli\u015bmy nasz\u0105 ofert\u0119 o instalacje fotowoltaiczne i ogrzewanie<br>elektryczne, nast\u0119pnie w roku 2020 nabyli\u015bmy uprawnienia do montowania<br>klimatyzacji i pomp ciep\u0142a.<\/font><\/font><\/p>\n\n\n\n<p><font style=\"vertical-align: inherit;\"><font style=\"vertical-align: inherit;\"> Z powodzeniem radzimy sobie z wielomilionowymi<br>projektami jak i z drobnymi remontami. <\/font><\/font><\/p>\n\n\n\n<p><font style=\"vertical-align: inherit;\"><font style=\"vertical-align: inherit;\">Do ka\u017cdego projektu podchodzimy indywidualnie i z pe\u0142nym zaanga\u017cowaniem a wykwalikowana kadra jest<br>naszym asem w r\u0119kawie.<\/font><\/font><\/p>\n\n\n\n<div class=\"wp-block-buttons is-layout-flex wp-block-buttons-is-layout-flex\">\n<div class=\"wp-block-button is-style-fill\"><a class=\"wp-block-button__link has-black-color has-white-background-color has-text-color has-background\" href=\"https:\/\/jskteam.com\/index.php\/contact\/\" style=\"border-radius:30px\"><font style=\"vertical-align: inherit;\"><font style=\"vertical-align: inherit;\">zapytaj o szczeg\u00f3\u0142y<\/font><\/font><\/a><\/div>\n<\/div>\n<\/div><\/div>\n<\/div><\/div>\n\n\n\n<div class=\"wp-block-group alignfull has-background\" style=\"background-color:#f9fafa\"><div class=\"wp-block-group__inner-container is-layout-flow wp-block-group-is-layout-flow\">\n<h2 class=\"has-text-align-center wp-block-heading\">Nasi dostawcy <\/h2>\n\n\n\n<p><\/p>\n\n\n\n<figure class=\"wp-block-gallery columns-5 wp-block-gallery-1 is-layout-flex wp-block-gallery-is-layout-flex\"><ul class=\"blocks-gallery-grid\"><li class=\"blocks-gallery-item\"><figure><img decoding=\"async\" src=\"https:\/\/jskteam.com\/wp-content\/uploads\/2021\/03\/kwant-logo.svg\" alt=\"\" data-id=\"1712\" data-full-url=\"https:\/\/jskteam.com\/wp-content\/uploads\/2021\/03\/kwant-logo.svg\" data-link=\"https:\/\/jskteam.com\/index.php\/home\/kwant-logo\/\" class=\"wp-image-1712\"\/><\/figure><\/li><li class=\"blocks-gallery-item\"><figure><img loading=\"lazy\" decoding=\"async\" width=\"200\" height=\"29\" src=\"https:\/\/jskteam.com\/wp-content\/uploads\/2021\/03\/pobrane-e1615567885138.png\" alt=\"\" data-id=\"1721\" data-full-url=\"https:\/\/jskteam.com\/wp-content\/uploads\/2021\/03\/pobrane-e1615567885138.png\" data-link=\"https:\/\/jskteam.com\/index.php\/home\/pobrane\/\" class=\"wp-image-1721\"\/><\/figure><\/li><li class=\"blocks-gallery-item\"><figure><img loading=\"lazy\" decoding=\"async\" width=\"200\" height=\"77\" src=\"https:\/\/jskteam.com\/wp-content\/uploads\/2021\/03\/388px-SIG_logo.svg-e1615567937631.png\" alt=\"\" data-id=\"1711\" data-full-url=\"https:\/\/jskteam.com\/wp-content\/uploads\/2021\/03\/388px-SIG_logo.svg-e1615567937631.png\" data-link=\"https:\/\/jskteam.com\/index.php\/home\/388px-sig_logo-svg\/\" class=\"wp-image-1711\"\/><\/figure><\/li><li class=\"blocks-gallery-item\"><figure><img decoding=\"async\" src=\"https:\/\/jskteam.com\/wp-content\/uploads\/2021\/03\/logo-2.svg\" alt=\"\" data-id=\"1707\" data-full-url=\"https:\/\/jskteam.com\/wp-content\/uploads\/2021\/03\/logo-2.svg\" data-link=\"https:\/\/jskteam.com\/index.php\/home\/logo-2\/\" class=\"wp-image-1707\"\/><\/figure><\/li><li class=\"blocks-gallery-item\"><figure><img loading=\"lazy\" decoding=\"async\" width=\"200\" height=\"33\" src=\"https:\/\/jskteam.com\/wp-content\/uploads\/2021\/03\/che_mski-cement-logo-e1615567921640.png\" alt=\"\" data-id=\"1713\" data-full-url=\"https:\/\/jskteam.com\/wp-content\/uploads\/2021\/03\/che_mski-cement-logo-e1615567921640.png\" data-link=\"https:\/\/jskteam.com\/index.php\/home\/che_mski-cement-logo\/\" class=\"wp-image-1713\"\/><\/figure><\/li><li class=\"blocks-gallery-item\"><figure><img loading=\"lazy\" decoding=\"async\" width=\"163\" height=\"120\" src=\"https:\/\/jskteam.com\/wp-content\/uploads\/2021\/03\/DACHPARTNER.png\" alt=\"\" data-id=\"1717\" data-full-url=\"https:\/\/jskteam.com\/wp-content\/uploads\/2021\/03\/DACHPARTNER.png\" data-link=\"https:\/\/jskteam.com\/index.php\/home\/dachpartner\/\" class=\"wp-image-1717\"\/><\/figure><\/li><li class=\"blocks-gallery-item\"><figure><img loading=\"lazy\" decoding=\"async\" width=\"200\" height=\"33\" src=\"https:\/\/jskteam.com\/wp-content\/uploads\/2021\/03\/termofol-logo-e1615567946936.png\" alt=\"\" data-id=\"1709\" data-full-url=\"https:\/\/jskteam.com\/wp-content\/uploads\/2021\/03\/termofol-logo-e1615567946936.png\" data-link=\"https:\/\/jskteam.com\/index.php\/home\/termofol-logo\/\" class=\"wp-image-1709\"\/><\/figure><\/li><li class=\"blocks-gallery-item\"><figure><img loading=\"lazy\" decoding=\"async\" width=\"200\" height=\"40\" src=\"https:\/\/jskteam.com\/wp-content\/uploads\/2021\/03\/logo_plus_zielony-e1615567830968.png\" alt=\"\" data-id=\"1718\" data-full-url=\"https:\/\/jskteam.com\/wp-content\/uploads\/2021\/03\/logo_plus_zielony-e1615567830968.png\" data-link=\"https:\/\/jskteam.com\/index.php\/home\/logo_plus_zielony\/\" class=\"wp-image-1718\"\/><\/figure><\/li><li class=\"blocks-gallery-item\"><figure><img loading=\"lazy\" decoding=\"async\" width=\"547\" height=\"92\" src=\"https:\/\/jskteam.com\/wp-content\/uploads\/2021\/03\/klimatherm.png\" alt=\"\" data-id=\"1727\" data-full-url=\"https:\/\/jskteam.com\/wp-content\/uploads\/2021\/03\/klimatherm.png\" data-link=\"https:\/\/jskteam.com\/index.php\/home\/klimatherm\/\" class=\"wp-image-1727\" srcset=\"https:\/\/jskteam.com\/wp-content\/uploads\/2021\/03\/klimatherm.png 547w, https:\/\/jskteam.com\/wp-content\/uploads\/2021\/03\/klimatherm-300x50.png 300w\" sizes=\"auto, (max-width: 547px) 100vw, 547px\" \/><\/figure><\/li><li class=\"blocks-gallery-item\"><figure><img loading=\"lazy\" decoding=\"async\" width=\"200\" height=\"112\" src=\"https:\/\/jskteam.com\/wp-content\/uploads\/2021\/03\/3w-e1615567912538.png\" alt=\"\" data-id=\"1716\" data-full-url=\"https:\/\/jskteam.com\/wp-content\/uploads\/2021\/03\/3w-e1615567912538.png\" data-link=\"https:\/\/jskteam.com\/index.php\/home\/3w\/\" class=\"wp-image-1716\"\/><\/figure><\/li><\/ul><\/figure>\n\n\n\n<p><\/p>\n<\/div><\/div>\n\n\n\n<div class=\"wp-block-cover alignfull has-background-dim\" style=\"min-height:700px;aspect-ratio:unset;\"><img loading=\"lazy\" decoding=\"async\" width=\"2560\" height=\"1707\" class=\"wp-block-cover__image-background wp-image-1802\" alt=\"\" src=\"https:\/\/jskteam.com\/wp-content\/uploads\/2021\/03\/Kaisai_9-scaled.jpg\" style=\"object-position:47% 50%\" data-object-fit=\"cover\" data-object-position=\"47% 50%\" srcset=\"https:\/\/jskteam.com\/wp-content\/uploads\/2021\/03\/Kaisai_9-scaled.jpg 2560w, https:\/\/jskteam.com\/wp-content\/uploads\/2021\/03\/Kaisai_9-300x200.jpg 300w, https:\/\/jskteam.com\/wp-content\/uploads\/2021\/03\/Kaisai_9-1024x683.jpg 1024w, https:\/\/jskteam.com\/wp-content\/uploads\/2021\/03\/Kaisai_9-768x512.jpg 768w, https:\/\/jskteam.com\/wp-content\/uploads\/2021\/03\/Kaisai_9-1536x1024.jpg 1536w, https:\/\/jskteam.com\/wp-content\/uploads\/2021\/03\/Kaisai_9-2048x1365.jpg 2048w\" sizes=\"auto, (max-width: 2560px) 100vw, 2560px\" \/><div class=\"wp-block-cover__inner-container is-layout-flow wp-block-cover-is-layout-flow\">\n<div class=\"wp-block-columns alignfull are-vertically-aligned-center is-layout-flex wp-container-core-columns-is-layout-9d6595d7 wp-block-columns-is-layout-flex\">\n<div class=\"wp-block-column is-vertically-aligned-center is-layout-flow wp-block-column-is-layout-flow\" style=\"flex-basis:60%\"><\/div>\n\n\n\n<div class=\"wp-block-column is-vertically-aligned-center is-layout-flow wp-block-column-is-layout-flow\" style=\"flex-basis:40%\">\n<div class=\"wp-block-group has-white-background-color has-background\"><div class=\"wp-block-group__inner-container is-layout-flow wp-block-group-is-layout-flow\">\n<p class=\"has-black-color has-text-color\"> <font style=\"vertical-align: inherit;\"><font style=\"vertical-align: inherit;\">&#8211; <\/font><\/font><strong><font style=\"vertical-align: inherit;\"><font style=\"vertical-align: inherit;\">klimatyzacja ju\u017c od <span class=\"has-inline-color has-vivid-red-color\">1900z\u0142 brutto<\/span><\/font><\/font><\/strong><br><font style=\"vertical-align: inherit;\"><font style=\"vertical-align: inherit;\"> &#8211;<\/font><\/font><strong><font style=\"vertical-align: inherit;\"><font style=\"vertical-align: inherit;\"> Instalacje fotowoltaiczne<\/font><\/font> Ju\u017c od \u00a0<span class=\"has-inline-color has-vivid-red-color\">2800z\u0142 brutto<\/span><\/strong><\/p>\n\n\n\n<div class=\"wp-block-buttons is-layout-flex wp-block-buttons-is-layout-flex\">\n<div class=\"wp-block-button is-style-fill\"><a class=\"wp-block-button__link\" href=\"https:\/\/jskteam.com\/index.php\/contact\/\"><span class=\"has-inline-color has-black-color\">Zobacz szczeg\u00f3\u0142y<\/span><\/a><\/div>\n<\/div>\n<\/div><\/div>\n<\/div>\n<\/div>\n<\/div><\/div>\n\n\n\n<div class=\"wp-block-group alignfull\"><div class=\"wp-block-group__inner-container is-layout-flow wp-block-group-is-layout-flow\">\n<div class=\"wp-block-columns alignfull is-layout-flex wp-container-core-columns-is-layout-9d6595d7 wp-block-columns-is-layout-flex\">\n<div class=\"wp-block-column is-layout-flow wp-block-column-is-layout-flow\">\n<div class=\"wp-block-image\"><figure class=\"aligncenter size-large is-resized\"><img loading=\"lazy\" decoding=\"async\" src=\"https:\/\/jskteam.com\/wp-content\/uploads\/2021\/03\/scale-1.png\" alt=\"\" class=\"wp-image-1678\" width=\"54\" height=\"54\"\/><\/figure><\/div>\n\n\n\n<h3 class=\"has-text-align-center wp-block-heading\">Darmow\u0105 wycena<\/h3>\n<\/div>\n\n\n\n<div class=\"wp-block-column is-layout-flow wp-block-column-is-layout-flow\">\n<div class=\"wp-block-image\"><figure class=\"aligncenter size-large\"><img loading=\"lazy\" decoding=\"async\" width=\"50\" height=\"50\" src=\"https:\/\/jskteam.com\/wp-content\/uploads\/2021\/03\/calendar.png\" alt=\"\" class=\"wp-image-1679\"\/><\/figure><\/div>\n\n\n\n<h3 class=\"has-text-align-center wp-block-heading\">Terminowe realizacjie<\/h3>\n<\/div>\n\n\n\n<div class=\"wp-block-column is-layout-flow wp-block-column-is-layout-flow\">\n<div class=\"wp-block-image\"><figure class=\"aligncenter size-large is-resized\"><img loading=\"lazy\" decoding=\"async\" src=\"https:\/\/jskteam.com\/wp-content\/uploads\/2021\/03\/briefcase.png\" alt=\"\" class=\"wp-image-1680\" width=\"55\" height=\"55\"\/><\/figure><\/div>\n\n\n\n<h3 class=\"has-text-align-center wp-block-heading\">Darmowa konsultacja<\/h3>\n<\/div>\n<\/div>\n<\/div><\/div>\n","protected":false},"excerpt":{"rendered":"<p>Jeste\u015bmy na rynku od 2000 roku. Pracujemy w bran\u017cy budowlanej od 2000 roku. Zbierali\u015bmy do\u015bwiadczenie pod okiem wykwalikowanej kadry. Wykonali\u015bmy setkiprojekt\u00f3w pod okiem do\u015bwiadczonego kierownictwa r\u00f3\u017cnych bran\u017c. W roku 2013 podjeli\u015bmy decyzj\u0119 o usamodzielnieniu si\u0119 i to by\u0142 krok, kt\u00f3rykontynuujemy do dzi\u015b z roku na rok prze\u017cywszy swoje horyzonty.Zaczynali\u015bmy od drobnych remont\u00f3w, elewacji dom\u00f3w jednorodzinnych,nast\u0119pnie &hellip;<\/p>\n<p class=\"read-more\"> <a class=\"\" href=\"https:\/\/jskteam.com\/\"> <span class=\"screen-reader-text\">Strona g\u0142\u00f3wna<\/span> Read More &raquo;<\/a><\/p>\n","protected":false},"author":1,"featured_media":0,"parent":0,"menu_order":0,"comment_status":"closed","ping_status":"closed","template":"","meta":{"footnotes":""},"class_list":["post-1224","page","type-page","status-publish","hentry"],"yoast_head":"<!-- This site is optimized with the Yoast SEO plugin v16.2 - https:\/\/yoast.com\/wordpress\/plugins\/seo\/ -->\n<title>Strona g\u0142\u00f3wna - jskteam<\/title>\n<meta name=\"robots\" content=\"index, follow, max-snippet:-1, max-image-preview:large, max-video-preview:-1\" \/>\n<link rel=\"canonical\" href=\"https:\/\/jskteam.com\/\" \/>\n<meta property=\"og:locale\" content=\"pl_PL\" \/>\n<meta property=\"og:type\" content=\"article\" \/>\n<meta property=\"og:title\" content=\"Strona g\u0142\u00f3wna - jskteam\" \/>\n<meta property=\"og:description\" content=\"Jeste\u015bmy na rynku od 2000 roku. Pracujemy w bran\u017cy budowlanej od 2000 roku. Zbierali\u015bmy do\u015bwiadczenie pod okiem wykwalikowanej kadry. Wykonali\u015bmy setkiprojekt\u00f3w pod okiem do\u015bwiadczonego kierownictwa r\u00f3\u017cnych bran\u017c. W roku 2013 podjeli\u015bmy decyzj\u0119 o usamodzielnieniu si\u0119 i to by\u0142 krok, kt\u00f3rykontynuujemy do dzi\u015b z roku na rok prze\u017cywszy swoje horyzonty.Zaczynali\u015bmy od drobnych remont\u00f3w, elewacji dom\u00f3w jednorodzinnych,nast\u0119pnie &hellip; Strona g\u0142\u00f3wna Read More &raquo;\" \/>\n<meta property=\"og:url\" content=\"https:\/\/jskteam.com\/\" \/>\n<meta property=\"og:site_name\" content=\"jskteam\" \/>\n<meta property=\"article:modified_time\" content=\"2021-04-02T17:38:39+00:00\" \/>\n<meta property=\"og:image\" content=\"https:\/\/jskteam.com\/wp-content\/uploads\/2021\/04\/P1000375-scaled.jpg\" \/>\n<meta name=\"twitter:card\" content=\"summary_large_image\" \/>\n<meta name=\"twitter:label1\" content=\"Szacowany czas czytania\">\n\t<meta name=\"twitter:data1\" content=\"1 minuta\">\n<script type=\"application\/ld+json\" class=\"yoast-schema-graph\">{\"@context\":\"https:\/\/schema.org\",\"@graph\":[{\"@type\":\"WebSite\",\"@id\":\"https:\/\/jskteam.com\/#website\",\"url\":\"https:\/\/jskteam.com\/\",\"name\":\"jskteam\",\"description\":\"Klimatyzacja Instalacje fotowoltaiczne pompy ciep\\u0142a budownictwo\",\"potentialAction\":[{\"@type\":\"SearchAction\",\"target\":\"https:\/\/jskteam.com\/?s={search_term_string}\",\"query-input\":\"required name=search_term_string\"}],\"inLanguage\":\"pl-PL\"},{\"@type\":\"ImageObject\",\"@id\":\"https:\/\/jskteam.com\/#primaryimage\",\"inLanguage\":\"pl-PL\",\"url\":\"https:\/\/jskteam.com\/wp-content\/uploads\/2021\/04\/P1000375-scaled.jpg\",\"contentUrl\":\"https:\/\/jskteam.com\/wp-content\/uploads\/2021\/04\/P1000375-scaled.jpg\",\"width\":2560,\"height\":1920},{\"@type\":\"WebPage\",\"@id\":\"https:\/\/jskteam.com\/#webpage\",\"url\":\"https:\/\/jskteam.com\/\",\"name\":\"Strona g\\u0142\\u00f3wna - jskteam\",\"isPartOf\":{\"@id\":\"https:\/\/jskteam.com\/#website\"},\"primaryImageOfPage\":{\"@id\":\"https:\/\/jskteam.com\/#primaryimage\"},\"datePublished\":\"2020-08-24T10:52:51+00:00\",\"dateModified\":\"2021-04-02T17:38:39+00:00\",\"breadcrumb\":{\"@id\":\"https:\/\/jskteam.com\/#breadcrumb\"},\"inLanguage\":\"pl-PL\",\"potentialAction\":[{\"@type\":\"ReadAction\",\"target\":[\"https:\/\/jskteam.com\/\"]}]},{\"@type\":\"BreadcrumbList\",\"@id\":\"https:\/\/jskteam.com\/#breadcrumb\",\"itemListElement\":[{\"@type\":\"ListItem\",\"position\":1,\"item\":{\"@type\":\"WebPage\",\"@id\":\"https:\/\/jskteam.com\/\",\"url\":\"https:\/\/jskteam.com\/\",\"name\":\"Strona g\\u0142\\u00f3wna\"}},{\"@type\":\"ListItem\",\"position\":2,\"item\":{\"@id\":\"https:\/\/jskteam.com\/#webpage\"}}]},{\"@type\":\"ImageObject\",\"@id\":\"https:\/\/jskteam.com\/#local-main-organization-logo\",\"inLanguage\":\"pl-PL\",\"url\":\"\",\"contentUrl\":\"\"}]}<\/script>\n<!-- \/ Yoast SEO plugin. -->","_links":{"self":[{"href":"https:\/\/jskteam.com\/index.php\/wp-json\/wp\/v2\/pages\/1224","targetHints":{"allow":["GET"]}}],"collection":[{"href":"https:\/\/jskteam.com\/index.php\/wp-json\/wp\/v2\/pages"}],"about":[{"href":"https:\/\/jskteam.com\/index.php\/wp-json\/wp\/v2\/types\/page"}],"author":[{"embeddable":true,"href":"https:\/\/jskteam.com\/index.php\/wp-json\/wp\/v2\/users\/1"}],"replies":[{"embeddable":true,"href":"https:\/\/jskteam.com\/index.php\/wp-json\/wp\/v2\/comments?post=1224"}],"version-history":[{"count":75,"href":"https:\/\/jskteam.com\/index.php\/wp-json\/wp\/v2\/pages\/1224\/revisions"}],"predecessor-version":[{"id":2018,"href":"https:\/\/jskteam.com\/index.php\/wp-json\/wp\/v2\/pages\/1224\/revisions\/2018"}],"wp:attachment":[{"href":"https:\/\/jskteam.com\/index.php\/wp-json\/wp\/v2\/media?parent=1224"}],"curies":[{"name":"wp","href":"https:\/\/api.w.org\/{rel}","templated":true}]}}